{"id":393,"date":"2025-10-14T17:30:17","date_gmt":"2025-10-14T20:30:17","guid":{"rendered":"https:\/\/cristolandiaparana.org.br\/?page_id=393"},"modified":"2025-11-17T11:04:45","modified_gmt":"2025-11-17T14:04:45","slug":"sustentabilidade","status":"publish","type":"page","link":"https:\/\/cristolandiaparana.org.br\/index.php\/sustentabilidade\/","title":{"rendered":"Sustentabilidade"},"content":{"rendered":"\t\t<div data-elementor-type=\"wp-page\" data-elementor-id=\"393\" class=\"elementor elementor-393\">\n\t\t\t\t<div class=\"elementor-element elementor-element-dc6012d e-flex e-con-boxed e-con e-parent\" data-id=\"dc6012d\" data-element_type=\"container\" data-settings=\"{&quot;background_background&quot;:&quot;classic&quot;}\">\n\t\t\t\t\t<div class=\"e-con-inner\">\n\t\t\t\t<div class=\"elementor-element elementor-element-7f0e432 elementor-widget-divider--view-line elementor-widget elementor-widget-divider\" data-id=\"7f0e432\" data-element_type=\"widget\" data-widget_type=\"divider.default\">\n\t\t\t\t\t\t\t<div class=\"elementor-divider\">\n\t\t\t<span class=\"elementor-divider-separator\">\n\t\t\t\t\t\t<\/span>\n\t\t<\/div>\n\t\t\t\t\t\t<\/div>\n\t\t\t\t\t<\/div>\n\t\t\t\t<\/div>\n\t\t<div class=\"elementor-element elementor-element-c7a07d7 e-flex e-con-boxed e-con e-parent\" data-id=\"c7a07d7\" data-element_type=\"container\" data-settings=\"{&quot;background_background&quot;:&quot;classic&quot;}\">\n\t\t\t\t\t<div class=\"e-con-inner\">\n\t\t\t\t<div class=\"elementor-element elementor-element-3a7e153 elementor-widget elementor-widget-image\" data-id=\"3a7e153\" data-element_type=\"widget\" data-widget_type=\"image.default\">\n\t\t\t\t\t\t\t\t\t\t\t\t\t\t\t<img fetchpriority=\"high\" decoding=\"async\" width=\"1920\" height=\"880\" src=\"https:\/\/cristolandiaparana.org.br\/wp-content\/uploads\/2025\/11\/Capas-Site-5.png\" class=\"attachment-full size-full wp-image-414\" alt=\"\" srcset=\"https:\/\/cristolandiaparana.org.br\/wp-content\/uploads\/2025\/11\/Capas-Site-5.png 1920w, https:\/\/cristolandiaparana.org.br\/wp-content\/uploads\/2025\/11\/Capas-Site-5-300x138.png 300w, https:\/\/cristolandiaparana.org.br\/wp-content\/uploads\/2025\/11\/Capas-Site-5-1024x469.png 1024w, https:\/\/cristolandiaparana.org.br\/wp-content\/uploads\/2025\/11\/Capas-Site-5-768x352.png 768w, https:\/\/cristolandiaparana.org.br\/wp-content\/uploads\/2025\/11\/Capas-Site-5-1536x704.png 1536w\" sizes=\"(max-width: 1920px) 100vw, 1920px\" \/>\t\t\t\t\t\t\t\t\t\t\t\t\t\t\t<\/div>\n\t\t\t\t\t<\/div>\n\t\t\t\t<\/div>\n\t\t<div class=\"elementor-element elementor-element-90f96ee e-flex e-con-boxed e-con e-parent\" data-id=\"90f96ee\" data-element_type=\"container\" data-settings=\"{&quot;background_background&quot;:&quot;classic&quot;}\">\n\t\t\t\t\t<div class=\"e-con-inner\">\n\t\t\t\t<div class=\"elementor-element elementor-element-28b67b5 elementor-widget-divider--view-line elementor-widget elementor-widget-divider\" data-id=\"28b67b5\" data-element_type=\"widget\" data-widget_type=\"divider.default\">\n\t\t\t\t\t\t\t<div class=\"elementor-divider\">\n\t\t\t<span class=\"elementor-divider-separator\">\n\t\t\t\t\t\t<\/span>\n\t\t<\/div>\n\t\t\t\t\t\t<\/div>\n\t\t\t\t\t<\/div>\n\t\t\t\t<\/div>\n\t\t<div class=\"elementor-element elementor-element-c8a0e8a e-flex e-con-boxed e-con e-parent\" data-id=\"c8a0e8a\" data-element_type=\"container\" data-settings=\"{&quot;background_background&quot;:&quot;classic&quot;}\">\n\t\t\t\t\t<div class=\"e-con-inner\">\n\t\t\t\t<div class=\"elementor-element elementor-element-103283a elementor-widget elementor-widget-heading\" data-id=\"103283a\" data-element_type=\"widget\" data-widget_type=\"heading.default\">\n\t\t\t\t\t<h2 class=\"elementor-heading-title elementor-size-default\">Conhe\u00e7a os nossos projetos de sustentabilidade e participe conosco!<\/h2>\t\t\t\t<\/div>\n\t\t\t\t\t<\/div>\n\t\t\t\t<\/div>\n\t\t<div class=\"elementor-element elementor-element-8da23a8 e-flex e-con-boxed e-con e-parent\" data-id=\"8da23a8\" data-element_type=\"container\" data-settings=\"{&quot;background_background&quot;:&quot;classic&quot;}\">\n\t\t\t\t\t<div class=\"e-con-inner\">\n\t\t<div class=\"elementor-element elementor-element-8fa6ef3 e-con-full e-flex e-con e-child\" data-id=\"8fa6ef3\" data-element_type=\"container\">\n\t\t\t\t<div class=\"elementor-element elementor-element-9f4d08d elementor-widget elementor-widget-image\" data-id=\"9f4d08d\" data-element_type=\"widget\" data-widget_type=\"image.default\">\n\t\t\t\t\t\t\t\t\t\t\t\t\t\t\t<img decoding=\"async\" width=\"800\" height=\"471\" src=\"https:\/\/cristolandiaparana.org.br\/wp-content\/uploads\/2025\/11\/7.png\" class=\"attachment-large size-large wp-image-415\" alt=\"\" srcset=\"https:\/\/cristolandiaparana.org.br\/wp-content\/uploads\/2025\/11\/7.png 1004w, https:\/\/cristolandiaparana.org.br\/wp-content\/uploads\/2025\/11\/7-300x177.png 300w, https:\/\/cristolandiaparana.org.br\/wp-content\/uploads\/2025\/11\/7-768x452.png 768w\" sizes=\"(max-width: 800px) 100vw, 800px\" \/>\t\t\t\t\t\t\t\t\t\t\t\t\t\t\t<\/div>\n\t\t\t\t<\/div>\n\t\t<div class=\"elementor-element elementor-element-72ff2be e-con-full e-flex e-con e-child\" data-id=\"72ff2be\" data-element_type=\"container\">\n\t\t\t\t<div class=\"elementor-element elementor-element-b3772d7 elementor-widget elementor-widget-image\" data-id=\"b3772d7\" data-element_type=\"widget\" data-widget_type=\"image.default\">\n\t\t\t\t\t\t\t\t\t\t\t\t\t\t\t<img decoding=\"async\" width=\"800\" height=\"471\" src=\"https:\/\/cristolandiaparana.org.br\/wp-content\/uploads\/2025\/11\/10.png\" class=\"attachment-large size-large wp-image-418\" alt=\"\" srcset=\"https:\/\/cristolandiaparana.org.br\/wp-content\/uploads\/2025\/11\/10.png 1004w, https:\/\/cristolandiaparana.org.br\/wp-content\/uploads\/2025\/11\/10-300x177.png 300w, https:\/\/cristolandiaparana.org.br\/wp-content\/uploads\/2025\/11\/10-768x452.png 768w\" sizes=\"(max-width: 800px) 100vw, 800px\" \/>\t\t\t\t\t\t\t\t\t\t\t\t\t\t\t<\/div>\n\t\t\t\t<\/div>\n\t\t\t\t\t<\/div>\n\t\t\t\t<\/div>\n\t\t<div class=\"elementor-element elementor-element-341fbe4 e-flex e-con-boxed e-con e-parent\" data-id=\"341fbe4\" data-element_type=\"container\">\n\t\t\t\t\t<div class=\"e-con-inner\">\n\t\t<div class=\"elementor-element elementor-element-3a75489 e-con-full e-flex e-con e-child\" data-id=\"3a75489\" data-element_type=\"container\">\n\t\t\t\t<div class=\"elementor-element elementor-element-979c68f elementor-widget elementor-widget-text-editor\" data-id=\"979c68f\" data-element_type=\"widget\" data-widget_type=\"text-editor.default\">\n\t\t\t\t\t\t\t\t\t<p>O bazar da Cristol\u00e2ndia \u00e9 uma das fontes de recurso do nosso projeto. Todas as doa\u00e7\u00f5esque chegam s\u00e3o concentradas ali, nossa equipe de volunt\u00e1rias faz a triagem das doa\u00e7\u00f5es distribuindo principalmente para o Portas Abertas e as unidades, tendo as necessidades das casas atendidas, a outra parte vai para venda e tudo que \u00e9 arrecadado volta para o projeto. Al\u00e9m disso, sempre mantemos um relacionamento com os clientes, sendo uma oportunidade de evangelizar essas pessoas.<\/p>\t\t\t\t\t\t\t\t<\/div>\n\t\t\t\t<\/div>\n\t\t<div class=\"elementor-element elementor-element-fb6c364 e-con-full e-flex e-con e-child\" data-id=\"fb6c364\" data-element_type=\"container\">\n\t\t\t\t<div class=\"elementor-element elementor-element-87377c6 elementor-widget elementor-widget-text-editor\" data-id=\"87377c6\" data-element_type=\"widget\" data-widget_type=\"text-editor.default\">\n\t\t\t\t\t\t\t\t\t<p>A copel \u00e9 uma das formas de contribui\u00e7\u00e3o. Para ser um mantenedor copel basta entrar em contato conosco atrav\u00e9s do link abaixo.<\/p><p>Voc\u00ea pode contribuir com qualquer valor a partir de 10,00 reais e pode ter a validade de at\u00e9 24 meses podendo ser cancelado a qualquer momento.<\/p>\t\t\t\t\t\t\t\t<\/div>\n\t\t\t\t<div class=\"elementor-element elementor-element-fe5547b elementor-align-center elementor-widget elementor-widget-button\" data-id=\"fe5547b\" data-element_type=\"widget\" data-widget_type=\"button.default\">\n\t\t\t\t\t\t\t\t\t\t<a class=\"elementor-button elementor-button-link elementor-size-sm\" href=\"https:\/\/wa.me\/5541988090215\">\n\t\t\t\t\t\t<span class=\"elementor-button-content-wrapper\">\n\t\t\t\t\t\t\t\t\t<span class=\"elementor-button-text\">Fale conosco<\/span>\n\t\t\t\t\t<\/span>\n\t\t\t\t\t<\/a>\n\t\t\t\t\t\t\t\t<\/div>\n\t\t\t\t<\/div>\n\t\t\t\t\t<\/div>\n\t\t\t\t<\/div>\n\t\t<div class=\"elementor-element elementor-element-1f2b281 e-flex e-con-boxed e-con e-parent\" data-id=\"1f2b281\" data-element_type=\"container\" data-settings=\"{&quot;background_background&quot;:&quot;classic&quot;}\">\n\t\t\t\t\t<div class=\"e-con-inner\">\n\t\t<div class=\"elementor-element elementor-element-38a8c43 e-con-full e-flex e-con e-child\" data-id=\"38a8c43\" data-element_type=\"container\">\n\t\t\t\t<div class=\"elementor-element elementor-element-4c361fd elementor-widget elementor-widget-image\" data-id=\"4c361fd\" data-element_type=\"widget\" data-widget_type=\"image.default\">\n\t\t\t\t\t\t\t\t\t\t\t\t\t\t\t<img loading=\"lazy\" decoding=\"async\" width=\"800\" height=\"471\" src=\"https:\/\/cristolandiaparana.org.br\/wp-content\/uploads\/2025\/11\/9.png\" class=\"attachment-large size-large wp-image-417\" alt=\"\" srcset=\"https:\/\/cristolandiaparana.org.br\/wp-content\/uploads\/2025\/11\/9.png 1004w, https:\/\/cristolandiaparana.org.br\/wp-content\/uploads\/2025\/11\/9-300x177.png 300w, https:\/\/cristolandiaparana.org.br\/wp-content\/uploads\/2025\/11\/9-768x452.png 768w\" sizes=\"(max-width: 800px) 100vw, 800px\" \/>\t\t\t\t\t\t\t\t\t\t\t\t\t\t\t<\/div>\n\t\t\t\t<\/div>\n\t\t<div class=\"elementor-element elementor-element-fb47d5f e-con-full e-flex e-con e-child\" data-id=\"fb47d5f\" data-element_type=\"container\">\n\t\t\t\t<div class=\"elementor-element elementor-element-a1116df elementor-widget elementor-widget-image\" data-id=\"a1116df\" data-element_type=\"widget\" data-widget_type=\"image.default\">\n\t\t\t\t\t\t\t\t\t\t\t\t\t\t\t<img loading=\"lazy\" decoding=\"async\" width=\"800\" height=\"471\" src=\"https:\/\/cristolandiaparana.org.br\/wp-content\/uploads\/2025\/11\/8.png\" class=\"attachment-large size-large wp-image-416\" alt=\"\" srcset=\"https:\/\/cristolandiaparana.org.br\/wp-content\/uploads\/2025\/11\/8.png 1004w, https:\/\/cristolandiaparana.org.br\/wp-content\/uploads\/2025\/11\/8-300x177.png 300w, https:\/\/cristolandiaparana.org.br\/wp-content\/uploads\/2025\/11\/8-768x452.png 768w\" sizes=\"(max-width: 800px) 100vw, 800px\" \/>\t\t\t\t\t\t\t\t\t\t\t\t\t\t\t<\/div>\n\t\t\t\t<\/div>\n\t\t\t\t\t<\/div>\n\t\t\t\t<\/div>\n\t\t<div class=\"elementor-element elementor-element-4e2b273 e-flex e-con-boxed e-con e-parent\" data-id=\"4e2b273\" data-element_type=\"container\">\n\t\t\t\t\t<div class=\"e-con-inner\">\n\t\t<div class=\"elementor-element elementor-element-16a1b8c e-con-full e-flex e-con e-child\" data-id=\"16a1b8c\" data-element_type=\"container\">\n\t\t\t\t<div class=\"elementor-element elementor-element-f72d07d elementor-widget elementor-widget-text-editor\" data-id=\"f72d07d\" data-element_type=\"widget\" data-widget_type=\"text-editor.default\">\n\t\t\t\t\t\t\t\t\t<p>A Cristol\u00e2ndia Paran\u00e1 entra com um novo produto o Kit da Ceia, nossos acolhidos fazem a produ\u00e7\u00e3o dos p\u00e3es que v\u00e3o nos kits e eles s\u00e3o oferecidos as igrejas dentro e fora do estado.<\/p>\t\t\t\t\t\t\t\t<\/div>\n\t\t\t\t<div class=\"elementor-element elementor-element-93d8d74 elementor-align-center elementor-widget elementor-widget-button\" data-id=\"93d8d74\" data-element_type=\"widget\" data-widget_type=\"button.default\">\n\t\t\t\t\t\t\t\t\t\t<a class=\"elementor-button elementor-button-link elementor-size-sm\" href=\"https:\/\/wa.me\/5541988090215\">\n\t\t\t\t\t\t<span class=\"elementor-button-content-wrapper\">\n\t\t\t\t\t\t\t\t\t<span class=\"elementor-button-text\">Fale conosco<\/span>\n\t\t\t\t\t<\/span>\n\t\t\t\t\t<\/a>\n\t\t\t\t\t\t\t\t<\/div>\n\t\t\t\t<\/div>\n\t\t<div class=\"elementor-element elementor-element-4eaf23c e-con-full e-flex e-con e-child\" data-id=\"4eaf23c\" data-element_type=\"container\">\n\t\t\t\t<div class=\"elementor-element elementor-element-b4c1a40 elementor-widget elementor-widget-text-editor\" data-id=\"b4c1a40\" data-element_type=\"widget\" data-widget_type=\"text-editor.default\">\n\t\t\t\t\t\t\t\t\t<p>Hoje n\u00f3s temos a produ\u00e7\u00e3o e venda de p\u00e3es primeiro como uma oportunidade de<\/p><p>capacita\u00e7\u00e3o aos nossos acolhidos para o mercado de trabalho e tamb\u00e9m uma outra forma de arrecada\u00e7\u00e3o de recursos para o nosso projeto.<\/p>\t\t\t\t\t\t\t\t<\/div>\n\t\t\t\t<\/div>\n\t\t\t\t\t<\/div>\n\t\t\t\t<\/div>\n\t\t<div class=\"elementor-element elementor-element-a4c17d4 e-flex e-con-boxed e-con e-parent\" data-id=\"a4c17d4\" data-element_type=\"container\" data-settings=\"{&quot;background_background&quot;:&quot;classic&quot;}\">\n\t\t\t\t\t<div class=\"e-con-inner\">\n\t\t\t\t<div class=\"elementor-element elementor-element-cd6e744 elementor-widget elementor-widget-text-editor\" data-id=\"cd6e744\" data-element_type=\"widget\" data-widget_type=\"text-editor.default\">\n\t\t\t\t\t\t\t\t\t<p>Fale conosco e saiba como fazer parte destes projetos de sustentabilidade:<\/p>\t\t\t\t\t\t\t\t<\/div>\n\t\t\t\t\t<\/div>\n\t\t\t\t<\/div>\n\t\t<div class=\"elementor-element elementor-element-83d1bbc e-flex e-con-boxed e-con e-parent\" data-id=\"83d1bbc\" data-element_type=\"container\">\n\t\t\t\t\t<div class=\"e-con-inner\">\n\t\t\t\t<div class=\"elementor-element elementor-element-8f484fc elementor-align-center elementor-widget elementor-widget-button\" data-id=\"8f484fc\" data-element_type=\"widget\" data-widget_type=\"button.default\">\n\t\t\t\t\t\t\t\t\t\t<a class=\"elementor-button elementor-button-link elementor-size-sm\" href=\"https:\/\/wa.me\/5541988871846\">\n\t\t\t\t\t\t<span class=\"elementor-button-content-wrapper\">\n\t\t\t\t\t\t\t\t\t<span class=\"elementor-button-text\">Clique aqui<\/span>\n\t\t\t\t\t<\/span>\n\t\t\t\t\t<\/a>\n\t\t\t\t\t\t\t\t<\/div>\n\t\t\t\t\t<\/div>\n\t\t\t\t<\/div>\n\t\t<div class=\"elementor-element elementor-element-12a8370 e-flex e-con-boxed e-con e-parent\" data-id=\"12a8370\" data-element_type=\"container\" data-settings=\"{&quot;background_background&quot;:&quot;classic&quot;}\">\n\t\t\t\t\t<div class=\"e-con-inner\">\n\t\t\t\t<div class=\"elementor-element elementor-element-5451d35 elementor-widget-divider--view-line elementor-widget elementor-widget-divider\" data-id=\"5451d35\" data-element_type=\"widget\" data-widget_type=\"divider.default\">\n\t\t\t\t\t\t\t<div class=\"elementor-divider\">\n\t\t\t<span class=\"elementor-divider-separator\">\n\t\t\t\t\t\t<\/span>\n\t\t<\/div>\n\t\t\t\t\t\t<\/div>\n\t\t\t\t\t<\/div>\n\t\t\t\t<\/div>\n\t\t<div class=\"elementor-element elementor-element-313a3c6 e-flex e-con-boxed e-con e-parent\" data-id=\"313a3c6\" data-element_type=\"container\" data-settings=\"{&quot;background_background&quot;:&quot;classic&quot;}\">\n\t\t\t\t\t<div class=\"e-con-inner\">\n\t\t\t\t<div class=\"elementor-element elementor-element-95a984a elementor-widget elementor-widget-text-editor\" data-id=\"95a984a\" data-element_type=\"widget\" data-widget_type=\"text-editor.default\">\n\t\t\t\t\t\t\t\t\t<p>Participe destes projetos e nos ajude a continuar transformando vidas e realidades!<\/p>\t\t\t\t\t\t\t\t<\/div>\n\t\t\t\t\t<\/div>\n\t\t\t\t<\/div>\n\t\t\t\t<\/div>\n\t\t","protected":false},"excerpt":{"rendered":"<p>Conhe\u00e7a os nossos projetos de sustentabilidade e participe conosco! O bazar da Cristol\u00e2ndia \u00e9 uma das fontes de recurso do nosso projeto. Todas as doa\u00e7\u00f5esque chegam s\u00e3o concentradas ali, nossa equipe de volunt\u00e1rias faz a triagem das doa\u00e7\u00f5es distribuindo principalmente para o Portas Abertas e as unidades, tendo as necessidades das casas atendidas, a outra [&hellip;]<\/p>\n","protected":false},"author":2,"featured_media":0,"parent":0,"menu_order":0,"comment_status":"closed","ping_status":"closed","template":"elementor_header_footer","meta":{"footnotes":""},"class_list":["post-393","page","type-page","status-publish","hentry"],"_links":{"self":[{"href":"https:\/\/cristolandiaparana.org.br\/index.php\/wp-json\/wp\/v2\/pages\/393","targetHints":{"allow":["GET"]}}],"collection":[{"href":"https:\/\/cristolandiaparana.org.br\/index.php\/wp-json\/wp\/v2\/pages"}],"about":[{"href":"https:\/\/cristolandiaparana.org.br\/index.php\/wp-json\/wp\/v2\/types\/page"}],"author":[{"embeddable":true,"href":"https:\/\/cristolandiaparana.org.br\/index.php\/wp-json\/wp\/v2\/users\/2"}],"replies":[{"embeddable":true,"href":"https:\/\/cristolandiaparana.org.br\/index.php\/wp-json\/wp\/v2\/comments?post=393"}],"version-history":[{"count":31,"href":"https:\/\/cristolandiaparana.org.br\/index.php\/wp-json\/wp\/v2\/pages\/393\/revisions"}],"predecessor-version":[{"id":493,"href":"https:\/\/cristolandiaparana.org.br\/index.php\/wp-json\/wp\/v2\/pages\/393\/revisions\/493"}],"wp:attachment":[{"href":"https:\/\/cristolandiaparana.org.br\/index.php\/wp-json\/wp\/v2\/media?parent=393"}],"curies":[{"name":"wp","href":"https:\/\/api.w.org\/{rel}","templated":true}]}}