{"id":31,"date":"2025-10-09T11:11:11","date_gmt":"2025-10-09T14:11:11","guid":{"rendered":"https:\/\/cristolandiaparana.org.br\/?page_id=31"},"modified":"2025-10-14T17:22:22","modified_gmt":"2025-10-14T20:22:22","slug":"areasdeatuacao","status":"publish","type":"page","link":"https:\/\/cristolandiaparana.org.br\/index.php\/areasdeatuacao\/","title":{"rendered":"\u00c1reas de atua\u00e7\u00e3o"},"content":{"rendered":"\t\t<div data-elementor-type=\"wp-post\" data-elementor-id=\"31\" class=\"elementor elementor-31\">\n\t\t\t\t<div class=\"elementor-element elementor-element-976ec28 e-flex e-con-boxed e-con e-parent\" data-id=\"976ec28\" data-element_type=\"container\" data-settings=\"{&quot;background_background&quot;:&quot;classic&quot;}\">\n\t\t\t\t\t<div class=\"e-con-inner\">\n\t\t\t\t<div class=\"elementor-element elementor-element-fb0855c elementor-widget elementor-widget-image\" data-id=\"fb0855c\" data-element_type=\"widget\" data-widget_type=\"image.default\">\n\t\t\t\t\t\t\t\t\t\t\t\t\t\t\t<img fetchpriority=\"high\" decoding=\"async\" width=\"1920\" height=\"880\" src=\"https:\/\/cristolandiaparana.org.br\/wp-content\/uploads\/2025\/10\/Capas-Site-3.jpg\" class=\"attachment-full size-full wp-image-210\" alt=\"\" srcset=\"https:\/\/cristolandiaparana.org.br\/wp-content\/uploads\/2025\/10\/Capas-Site-3.jpg 1920w, https:\/\/cristolandiaparana.org.br\/wp-content\/uploads\/2025\/10\/Capas-Site-3-300x138.jpg 300w, https:\/\/cristolandiaparana.org.br\/wp-content\/uploads\/2025\/10\/Capas-Site-3-1024x469.jpg 1024w, https:\/\/cristolandiaparana.org.br\/wp-content\/uploads\/2025\/10\/Capas-Site-3-768x352.jpg 768w, https:\/\/cristolandiaparana.org.br\/wp-content\/uploads\/2025\/10\/Capas-Site-3-1536x704.jpg 1536w\" sizes=\"(max-width: 1920px) 100vw, 1920px\" \/>\t\t\t\t\t\t\t\t\t\t\t\t\t\t\t<\/div>\n\t\t\t\t\t<\/div>\n\t\t\t\t<\/div>\n\t\t<div class=\"elementor-element elementor-element-0f32a29 e-flex e-con-boxed e-con e-parent\" data-id=\"0f32a29\" data-element_type=\"container\" data-settings=\"{&quot;background_background&quot;:&quot;classic&quot;}\">\n\t\t\t\t\t<div class=\"e-con-inner\">\n\t\t\t\t<div class=\"elementor-element elementor-element-423445a elementor-widget-divider--view-line elementor-widget elementor-widget-divider\" data-id=\"423445a\" data-element_type=\"widget\" data-widget_type=\"divider.default\">\n\t\t\t\t\t\t\t<div class=\"elementor-divider\">\n\t\t\t<span class=\"elementor-divider-separator\">\n\t\t\t\t\t\t<\/span>\n\t\t<\/div>\n\t\t\t\t\t\t<\/div>\n\t\t\t\t\t<\/div>\n\t\t\t\t<\/div>\n\t\t<div class=\"elementor-element elementor-element-321d546 e-flex e-con-boxed e-con e-parent\" data-id=\"321d546\" data-element_type=\"container\">\n\t\t\t\t\t<div class=\"e-con-inner\">\n\t\t<div class=\"elementor-element elementor-element-6ef7d99 e-con-full e-flex e-con e-child\" data-id=\"6ef7d99\" data-element_type=\"container\">\n\t\t\t\t<div class=\"elementor-element elementor-element-5510e81 elementor-widget elementor-widget-heading\" data-id=\"5510e81\" data-element_type=\"widget\" data-widget_type=\"heading.default\">\n\t\t\t\t\t<h2 class=\"elementor-heading-title elementor-size-default\"><br>ACOLHIMENTO MASCULINO E ACOLHIMENTO FEMININO<\/h2>\t\t\t\t<\/div>\n\t\t\t\t<div class=\"elementor-element elementor-element-5101d27 elementor-widget elementor-widget-text-editor\" data-id=\"5101d27\" data-element_type=\"widget\" data-widget_type=\"text-editor.default\">\n\t\t\t\t\t\t\t\t\t<p><br><\/p><p>Os usu\u00e1rios que aceitam o acolhimento institucional ficam na Cristol\u00e2ndia por at\u00e9 12 (doze) meses, 24 horas por dia. \u00c9 realizado um acompanhamento individualizado, possibilitando a constru\u00e7\u00e3o da autonomia do usu\u00e1rio, encaminhando-o para a rede de atendimento socioassistencial.<\/p>\n<p>Neste servi\u00e7o, tamb\u00e9m s\u00e3o desenvolvidas atividades que promovam a capacita\u00e7\u00e3o profissional.<\/p>\n<p>O abrigo institucional pode acolher at\u00e9 50 pessoas, sendo 20 do sexo feminino e 30 do sexo masculino.<\/p>\n<p>Os acolhidos do sexo masculino, poder\u00e3o seguir para um outro momento de sua jornada denominado&nbsp;<strong>Casa Segura 3<\/strong>&nbsp;(Vida Nova). Refere-se \u00e0 reinser\u00e7\u00e3o social para os que passaram (Abrigo Institucional) e que precisam de um tempo para a recoloca\u00e7\u00e3o no mercado de trabalho e retorno para a fam\u00edlia, quando poss\u00edvel. Este servi\u00e7o pode durar at\u00e9 12 (doze) meses. O usu\u00e1rio \u00e9 beneficiado pela possibilidade de ser inserido na sociedade e na fam\u00edlia, al\u00e9m de receber conhecimento, conviv\u00eancia, troca de experi\u00eancias para o desenvolvimento da cidadania, retorno aos estudos e preparo para a vida profissional.&nbsp;<\/p>\t\t\t\t\t\t\t\t<\/div>\n\t\t\t\t<\/div>\n\t\t<div class=\"elementor-element elementor-element-7aa6960 e-con-full e-flex e-con e-child\" data-id=\"7aa6960\" data-element_type=\"container\">\n\t\t\t\t<div class=\"elementor-element elementor-element-b31c38b elementor-widget elementor-widget-image\" data-id=\"b31c38b\" data-element_type=\"widget\" data-widget_type=\"image.default\">\n\t\t\t\t\t\t\t\t\t\t\t\t\t\t\t<img decoding=\"async\" width=\"800\" height=\"1000\" src=\"https:\/\/cristolandiaparana.org.br\/wp-content\/uploads\/2025\/10\/4-819x1024.png\" class=\"attachment-large size-large wp-image-138\" alt=\"\" srcset=\"https:\/\/cristolandiaparana.org.br\/wp-content\/uploads\/2025\/10\/4-819x1024.png 819w, https:\/\/cristolandiaparana.org.br\/wp-content\/uploads\/2025\/10\/4-240x300.png 240w, https:\/\/cristolandiaparana.org.br\/wp-content\/uploads\/2025\/10\/4-768x960.png 768w, https:\/\/cristolandiaparana.org.br\/wp-content\/uploads\/2025\/10\/4.png 1080w\" sizes=\"(max-width: 800px) 100vw, 800px\" \/>\t\t\t\t\t\t\t\t\t\t\t\t\t\t\t<\/div>\n\t\t\t\t<\/div>\n\t\t\t\t\t<\/div>\n\t\t\t\t<\/div>\n\t\t<div class=\"elementor-element elementor-element-9795ebc e-flex e-con-boxed e-con e-parent\" data-id=\"9795ebc\" data-element_type=\"container\">\n\t\t\t\t\t<div class=\"e-con-inner\">\n\t\t\t\t<div class=\"elementor-element elementor-element-865bbd8 elementor-widget-divider--view-line elementor-widget elementor-widget-divider\" data-id=\"865bbd8\" data-element_type=\"widget\" data-widget_type=\"divider.default\">\n\t\t\t\t\t\t\t<div class=\"elementor-divider\">\n\t\t\t<span class=\"elementor-divider-separator\">\n\t\t\t\t\t\t<\/span>\n\t\t<\/div>\n\t\t\t\t\t\t<\/div>\n\t\t\t\t\t<\/div>\n\t\t\t\t<\/div>\n\t\t<div class=\"elementor-element elementor-element-c3d4e36 e-flex e-con-boxed e-con e-parent\" data-id=\"c3d4e36\" data-element_type=\"container\">\n\t\t\t\t\t<div class=\"e-con-inner\">\n\t\t<div class=\"elementor-element elementor-element-9046571 e-con-full e-flex e-con e-child\" data-id=\"9046571\" data-element_type=\"container\">\n\t\t\t\t<div class=\"elementor-element elementor-element-a570e28 elementor-widget elementor-widget-image\" data-id=\"a570e28\" data-element_type=\"widget\" data-widget_type=\"image.default\">\n\t\t\t\t\t\t\t\t\t\t\t\t\t\t\t<img decoding=\"async\" width=\"800\" height=\"566\" src=\"https:\/\/cristolandiaparana.org.br\/wp-content\/uploads\/2025\/10\/1-1024x724.png\" class=\"attachment-large size-large wp-image-140\" alt=\"\" srcset=\"https:\/\/cristolandiaparana.org.br\/wp-content\/uploads\/2025\/10\/1-1024x724.png 1024w, https:\/\/cristolandiaparana.org.br\/wp-content\/uploads\/2025\/10\/1-300x212.png 300w, https:\/\/cristolandiaparana.org.br\/wp-content\/uploads\/2025\/10\/1-768x543.png 768w, https:\/\/cristolandiaparana.org.br\/wp-content\/uploads\/2025\/10\/1-1536x1086.png 1536w, https:\/\/cristolandiaparana.org.br\/wp-content\/uploads\/2025\/10\/1-2048x1448.png 2048w\" sizes=\"(max-width: 800px) 100vw, 800px\" \/>\t\t\t\t\t\t\t\t\t\t\t\t\t\t\t<\/div>\n\t\t\t\t<\/div>\n\t\t<div class=\"elementor-element elementor-element-65004a5 e-con-full e-flex e-con e-child\" data-id=\"65004a5\" data-element_type=\"container\">\n\t\t\t\t<div class=\"elementor-element elementor-element-d694726 elementor-widget elementor-widget-heading\" data-id=\"d694726\" data-element_type=\"widget\" data-widget_type=\"heading.default\">\n\t\t\t\t\t<h2 class=\"elementor-heading-title elementor-size-default\">PORTAS ABERTAS - ATENDIMENTO ESPECIALIZADO PARA PESSOA EM SITUA\u00c7\u00c3O DE RUA<\/h2>\t\t\t\t<\/div>\n\t\t\t\t<div class=\"elementor-element elementor-element-ba620b0 elementor-widget elementor-widget-text-editor\" data-id=\"ba620b0\" data-element_type=\"widget\" data-widget_type=\"text-editor.default\">\n\t\t\t\t\t\t\t\t\t<div><p>\u00a0\u00c9 o servi\u00e7o de porta de entrada, dos usu\u00e1rios \u00e9 oferecido corte de cabelo, exames de Testagem r\u00e1pida, refei\u00e7\u00f5es,\u00a0 banho com troca de roupas. Durante a execu\u00e7\u00e3o destes servi\u00e7os \u00e9 apresentada a proposta do programa Cristol\u00e2ndia, e se, houver interesse por parte do usu\u00e1rio inicia-se o processo para o acolhimento e\u00a0 este se d\u00e1 para pessoas de ambos os sexos.<\/p><\/div><div><p>Todas as segundas (somente para mulheres) e quartas-feiras (homens e mulheres) \u00a0na Cristol\u00e2ndia \u2013 Port\u00e3o.<\/p><\/div>\t\t\t\t\t\t\t\t<\/div>\n\t\t\t\t<\/div>\n\t\t\t\t\t<\/div>\n\t\t\t\t<\/div>\n\t\t<div class=\"elementor-element elementor-element-4fe9b25 e-flex e-con-boxed e-con e-parent\" data-id=\"4fe9b25\" data-element_type=\"container\">\n\t\t\t\t\t<div class=\"e-con-inner\">\n\t\t\t\t<div class=\"elementor-element elementor-element-009f1e6 elementor-widget-divider--view-line elementor-widget elementor-widget-divider\" data-id=\"009f1e6\" data-element_type=\"widget\" data-widget_type=\"divider.default\">\n\t\t\t\t\t\t\t<div class=\"elementor-divider\">\n\t\t\t<span class=\"elementor-divider-separator\">\n\t\t\t\t\t\t<\/span>\n\t\t<\/div>\n\t\t\t\t\t\t<\/div>\n\t\t\t\t\t<\/div>\n\t\t\t\t<\/div>\n\t\t<div class=\"elementor-element elementor-element-74cd45e e-flex e-con-boxed e-con e-parent\" data-id=\"74cd45e\" data-element_type=\"container\">\n\t\t\t\t\t<div class=\"e-con-inner\">\n\t\t<div class=\"elementor-element elementor-element-641bd46 e-con-full e-flex e-con e-child\" data-id=\"641bd46\" data-element_type=\"container\">\n\t\t\t\t<div class=\"elementor-element elementor-element-cec2641 elementor-widget elementor-widget-heading\" data-id=\"cec2641\" data-element_type=\"widget\" data-widget_type=\"heading.default\">\n\t\t\t\t\t<h2 class=\"elementor-heading-title elementor-size-default\"><br><br><br>PROJETO SONHO DE M\u00c3E<\/h2>\t\t\t\t<\/div>\n\t\t\t\t<div class=\"elementor-element elementor-element-8119da6 elementor-widget elementor-widget-text-editor\" data-id=\"8119da6\" data-element_type=\"widget\" data-widget_type=\"text-editor.default\">\n\t\t\t\t\t\t\t\t\t<div><p>\u00a0<\/p><p><span style=\"text-align: var(--text-align);\">Servi\u00e7o de acolhimento institucional provis\u00f3rio para m\u00e3es e crian\u00e7as na faixa et\u00e1ria entre 18 a 58 anos, com seu filho na faixa et\u00e1ria de 0 a 11 anos. O Sonho de M\u00e3e \u00e9 um bra\u00e7o do programa Cristol\u00e2ndia Paran\u00e1, que atende mulheres em vulnerabilidade e risco social com hist\u00f3rico com \u00e1lcool\/drogas, mais durante esse per\u00edodo a mesma tem a oportunidade de estar com os filhos e preservar o conv\u00edvio e o fortalecimento da vincula\u00e7\u00e3o afetiva. Dessa maneira a m\u00e3e poder\u00e1 cumprir sua fun\u00e7\u00e3o de cuidado, prote\u00e7\u00e3o, como tamb\u00e9m, manter o v\u00ednculo afetivo.\u00a0<\/span><\/p><\/div><div><p>O per\u00edodo de acolhimento \u00e9 de at\u00e9 12 meses com acompanhamento multidisciplinar para viabilizar a reinser\u00e7\u00e3o dessa m\u00e3e e filhos na sociedade. Nesse tempo, a m\u00e3e \u00e9 assistida com estudos b\u00edblicos, cursos profissionalizantes. As crian\u00e7as s\u00e3o inseridas ou reinseridas na rede de ensino, com direito a refor\u00e7o escolar e lazer, garantindo as condi\u00e7\u00f5es de seguran\u00e7a e prote\u00e7\u00e3o.<\/p><\/div>\t\t\t\t\t\t\t\t<\/div>\n\t\t\t\t<\/div>\n\t\t<div class=\"elementor-element elementor-element-d131d6e e-con-full e-flex e-con e-child\" data-id=\"d131d6e\" data-element_type=\"container\">\n\t\t\t\t<div class=\"elementor-element elementor-element-1dca9fe elementor-widget elementor-widget-image\" data-id=\"1dca9fe\" data-element_type=\"widget\" data-widget_type=\"image.default\">\n\t\t\t\t\t\t\t\t\t\t\t\t\t\t\t<img loading=\"lazy\" decoding=\"async\" width=\"768\" height=\"960\" src=\"https:\/\/cristolandiaparana.org.br\/wp-content\/uploads\/2025\/10\/Modelo-Feed-6-1-768x960.jpg\" class=\"attachment-medium_large size-medium_large wp-image-212\" alt=\"\" srcset=\"https:\/\/cristolandiaparana.org.br\/wp-content\/uploads\/2025\/10\/Modelo-Feed-6-1-768x960.jpg 768w, https:\/\/cristolandiaparana.org.br\/wp-content\/uploads\/2025\/10\/Modelo-Feed-6-1-240x300.jpg 240w, https:\/\/cristolandiaparana.org.br\/wp-content\/uploads\/2025\/10\/Modelo-Feed-6-1-819x1024.jpg 819w, https:\/\/cristolandiaparana.org.br\/wp-content\/uploads\/2025\/10\/Modelo-Feed-6-1.jpg 1080w\" sizes=\"(max-width: 768px) 100vw, 768px\" \/>\t\t\t\t\t\t\t\t\t\t\t\t\t\t\t<\/div>\n\t\t\t\t<\/div>\n\t\t\t\t\t<\/div>\n\t\t\t\t<\/div>\n\t\t<div class=\"elementor-element elementor-element-64eaf77 e-flex e-con-boxed e-con e-parent\" data-id=\"64eaf77\" data-element_type=\"container\">\n\t\t\t\t\t<div class=\"e-con-inner\">\n\t\t\t\t<div class=\"elementor-element elementor-element-823ae1b elementor-widget elementor-widget-heading\" data-id=\"823ae1b\" data-element_type=\"widget\" data-widget_type=\"heading.default\">\n\t\t\t\t\t<h2 class=\"elementor-heading-title elementor-size-default\">SEJA UM AGENTE DE TRANSFORMA\u00c7\u00c3O<\/h2>\t\t\t\t<\/div>\n\t\t\t\t\t<\/div>\n\t\t\t\t<\/div>\n\t\t<div class=\"elementor-element elementor-element-3c4372c e-flex e-con-boxed e-con e-parent\" data-id=\"3c4372c\" data-element_type=\"container\">\n\t\t\t\t\t<div class=\"e-con-inner\">\n\t\t\t\t<div class=\"elementor-element elementor-element-8c0ace5 elementor-align-center elementor-widget elementor-widget-button\" data-id=\"8c0ace5\" data-element_type=\"widget\" data-widget_type=\"button.default\">\n\t\t\t\t\t\t\t\t\t\t<a class=\"elementor-button elementor-button-link elementor-size-sm\" href=\"https:\/\/online.pibcuritiba.org.br\/cristolandia_campanha-de-doacao\">\n\t\t\t\t\t\t<span class=\"elementor-button-content-wrapper\">\n\t\t\t\t\t\t\t\t\t<span class=\"elementor-button-text\">Fa\u00e7a Parte<\/span>\n\t\t\t\t\t<\/span>\n\t\t\t\t\t<\/a>\n\t\t\t\t\t\t\t\t<\/div>\n\t\t\t\t\t<\/div>\n\t\t\t\t<\/div>\n\t\t<div class=\"elementor-element elementor-element-d521486 e-flex e-con-boxed e-con e-parent\" data-id=\"d521486\" data-element_type=\"container\" data-settings=\"{&quot;background_background&quot;:&quot;classic&quot;}\">\n\t\t\t\t\t<div class=\"e-con-inner\">\n\t\t\t\t\t<\/div>\n\t\t\t\t<\/div>\n\t\t\t\t<\/div>\n\t\t","protected":false},"excerpt":{"rendered":"<p>ACOLHIMENTO MASCULINO E ACOLHIMENTO FEMININO Os usu\u00e1rios que aceitam o acolhimento institucional ficam na Cristol\u00e2ndia por at\u00e9 12 (doze) meses, 24 horas por dia. \u00c9 realizado um acompanhamento individualizado, possibilitando a constru\u00e7\u00e3o da autonomia do usu\u00e1rio, encaminhando-o para a rede de atendimento socioassistencial. Neste servi\u00e7o, tamb\u00e9m s\u00e3o desenvolvidas atividades que promovam a capacita\u00e7\u00e3o profissional. O [&hellip;]<\/p>\n","protected":false},"author":2,"featured_media":0,"parent":0,"menu_order":0,"comment_status":"closed","ping_status":"closed","template":"elementor_header_footer","meta":{"footnotes":""},"class_list":["post-31","page","type-page","status-publish","hentry"],"_links":{"self":[{"href":"https:\/\/cristolandiaparana.org.br\/index.php\/wp-json\/wp\/v2\/pages\/31","targetHints":{"allow":["GET"]}}],"collection":[{"href":"https:\/\/cristolandiaparana.org.br\/index.php\/wp-json\/wp\/v2\/pages"}],"about":[{"href":"https:\/\/cristolandiaparana.org.br\/index.php\/wp-json\/wp\/v2\/types\/page"}],"author":[{"embeddable":true,"href":"https:\/\/cristolandiaparana.org.br\/index.php\/wp-json\/wp\/v2\/users\/2"}],"replies":[{"embeddable":true,"href":"https:\/\/cristolandiaparana.org.br\/index.php\/wp-json\/wp\/v2\/comments?post=31"}],"version-history":[{"count":43,"href":"https:\/\/cristolandiaparana.org.br\/index.php\/wp-json\/wp\/v2\/pages\/31\/revisions"}],"predecessor-version":[{"id":384,"href":"https:\/\/cristolandiaparana.org.br\/index.php\/wp-json\/wp\/v2\/pages\/31\/revisions\/384"}],"wp:attachment":[{"href":"https:\/\/cristolandiaparana.org.br\/index.php\/wp-json\/wp\/v2\/media?parent=31"}],"curies":[{"name":"wp","href":"https:\/\/api.w.org\/{rel}","templated":true}]}}