{"id":303,"date":"2025-10-13T14:49:57","date_gmt":"2025-10-13T17:49:57","guid":{"rendered":"https:\/\/cristolandiaparana.org.br\/?page_id=303"},"modified":"2025-11-06T16:00:21","modified_gmt":"2025-11-06T19:00:21","slug":"testemunhos","status":"publish","type":"page","link":"https:\/\/cristolandiaparana.org.br\/index.php\/testemunhos\/","title":{"rendered":"Testemunhos"},"content":{"rendered":"\t\t<div data-elementor-type=\"wp-page\" data-elementor-id=\"303\" class=\"elementor elementor-303\">\n\t\t\t\t<div class=\"elementor-element elementor-element-81b13af e-flex e-con-boxed e-con e-parent\" data-id=\"81b13af\" data-element_type=\"container\" data-settings=\"{&quot;background_background&quot;:&quot;classic&quot;}\">\n\t\t\t\t\t<div class=\"e-con-inner\">\n\t\t\t\t<div class=\"elementor-element elementor-element-03b3a3b elementor-widget elementor-widget-spacer\" data-id=\"03b3a3b\" data-element_type=\"widget\" data-widget_type=\"spacer.default\">\n\t\t\t\t\t\t\t<div class=\"elementor-spacer\">\n\t\t\t<div class=\"elementor-spacer-inner\"><\/div>\n\t\t<\/div>\n\t\t\t\t\t\t<\/div>\n\t\t\t\t\t<\/div>\n\t\t\t\t<\/div>\n\t\t<div class=\"elementor-element elementor-element-be6da9f e-flex e-con-boxed e-con e-parent\" data-id=\"be6da9f\" data-element_type=\"container\" data-settings=\"{&quot;background_background&quot;:&quot;classic&quot;}\">\n\t\t\t\t\t<div class=\"e-con-inner\">\n\t\t\t\t<div class=\"elementor-element elementor-element-f2f6f68 elementor-widget elementor-widget-image\" data-id=\"f2f6f68\" data-element_type=\"widget\" data-widget_type=\"image.default\">\n\t\t\t\t\t\t\t\t\t\t\t\t\t\t\t<img fetchpriority=\"high\" decoding=\"async\" width=\"1920\" height=\"880\" src=\"https:\/\/cristolandiaparana.org.br\/wp-content\/uploads\/2025\/10\/13.jpg\" class=\"attachment-full size-full wp-image-311\" alt=\"\" srcset=\"https:\/\/cristolandiaparana.org.br\/wp-content\/uploads\/2025\/10\/13.jpg 1920w, https:\/\/cristolandiaparana.org.br\/wp-content\/uploads\/2025\/10\/13-300x138.jpg 300w, https:\/\/cristolandiaparana.org.br\/wp-content\/uploads\/2025\/10\/13-1024x469.jpg 1024w, https:\/\/cristolandiaparana.org.br\/wp-content\/uploads\/2025\/10\/13-768x352.jpg 768w, https:\/\/cristolandiaparana.org.br\/wp-content\/uploads\/2025\/10\/13-1536x704.jpg 1536w\" sizes=\"(max-width: 1920px) 100vw, 1920px\" \/>\t\t\t\t\t\t\t\t\t\t\t\t\t\t\t<\/div>\n\t\t\t\t\t<\/div>\n\t\t\t\t<\/div>\n\t\t<div class=\"elementor-element elementor-element-9b86934 e-flex e-con-boxed e-con e-parent\" data-id=\"9b86934\" data-element_type=\"container\">\n\t\t\t\t\t<div class=\"e-con-inner\">\n\t\t<div class=\"elementor-element elementor-element-75018d9 e-con-full e-flex e-con e-child\" data-id=\"75018d9\" data-element_type=\"container\">\n\t\t<div class=\"elementor-element elementor-element-8a59d91 e-con-full e-flex e-con e-child\" data-id=\"8a59d91\" data-element_type=\"container\">\n\t\t\t\t<div class=\"elementor-element elementor-element-89583f0 elementor-widget elementor-widget-image\" data-id=\"89583f0\" data-element_type=\"widget\" data-widget_type=\"image.default\">\n\t\t\t\t\t\t\t\t\t\t\t\t\t\t\t<img decoding=\"async\" width=\"800\" height=\"800\" src=\"https:\/\/cristolandiaparana.org.br\/wp-content\/uploads\/2025\/10\/VIDAS-E-COMUNIDADES-TRANSFORMADAS-PELO-ENCONTRO-COM-JESUS-CRISTO-1024x1024.jpg\" class=\"attachment-large size-large wp-image-235\" alt=\"\" srcset=\"https:\/\/cristolandiaparana.org.br\/wp-content\/uploads\/2025\/10\/VIDAS-E-COMUNIDADES-TRANSFORMADAS-PELO-ENCONTRO-COM-JESUS-CRISTO-1024x1024.jpg 1024w, https:\/\/cristolandiaparana.org.br\/wp-content\/uploads\/2025\/10\/VIDAS-E-COMUNIDADES-TRANSFORMADAS-PELO-ENCONTRO-COM-JESUS-CRISTO-300x300.jpg 300w, https:\/\/cristolandiaparana.org.br\/wp-content\/uploads\/2025\/10\/VIDAS-E-COMUNIDADES-TRANSFORMADAS-PELO-ENCONTRO-COM-JESUS-CRISTO-150x150.jpg 150w, https:\/\/cristolandiaparana.org.br\/wp-content\/uploads\/2025\/10\/VIDAS-E-COMUNIDADES-TRANSFORMADAS-PELO-ENCONTRO-COM-JESUS-CRISTO-768x768.jpg 768w, https:\/\/cristolandiaparana.org.br\/wp-content\/uploads\/2025\/10\/VIDAS-E-COMUNIDADES-TRANSFORMADAS-PELO-ENCONTRO-COM-JESUS-CRISTO-1536x1536.jpg 1536w, https:\/\/cristolandiaparana.org.br\/wp-content\/uploads\/2025\/10\/VIDAS-E-COMUNIDADES-TRANSFORMADAS-PELO-ENCONTRO-COM-JESUS-CRISTO-2048x2048.jpg 2048w\" sizes=\"(max-width: 800px) 100vw, 800px\" \/>\t\t\t\t\t\t\t\t\t\t\t\t\t\t\t<\/div>\n\t\t\t\t<div class=\"elementor-element elementor-element-839daad elementor-widget elementor-widget-heading\" data-id=\"839daad\" data-element_type=\"widget\" data-widget_type=\"heading.default\">\n\t\t\t\t\t<h2 class=\"elementor-heading-title elementor-size-default\">Jefferson ex-interno<\/h2>\t\t\t\t<\/div>\n\t\t\t\t<div class=\"elementor-element elementor-element-7ea257a elementor-widget elementor-widget-text-editor\" data-id=\"7ea257a\" data-element_type=\"widget\" data-widget_type=\"text-editor.default\">\n\t\t\t\t\t\t\t\t\t<p><em><span class=\"a_GcMg font-feature-liga-off font-feature-clig-off font-feature-calt-off text-decoration-none text-strikethrough-none\">&#8220;Foram 27 anos escravizado pelas drogas e pelo crime, at\u00e9 que Deus me alcan\u00e7ou atrav\u00e9s da Cristol\u00e2ndia. Ali tive minha vida restaurada: recuperei minha fam\u00edlia, minha dignidade e hoje vivo em Cristo, com trabalho, esperan\u00e7a e uma nova hist\u00f3ria.&#8221;<\/span>\u00a0<\/em><\/p>\t\t\t\t\t\t\t\t<\/div>\n\t\t\t\t<\/div>\n\t\t<div class=\"elementor-element elementor-element-24bead9 e-con-full e-flex e-con e-child\" data-id=\"24bead9\" data-element_type=\"container\">\n\t\t\t\t<div class=\"elementor-element elementor-element-dc0785f elementor-widget elementor-widget-image\" data-id=\"dc0785f\" data-element_type=\"widget\" data-widget_type=\"image.default\">\n\t\t\t\t\t\t\t\t\t\t\t\t\t\t\t<img decoding=\"async\" width=\"800\" height=\"800\" src=\"https:\/\/cristolandiaparana.org.br\/wp-content\/uploads\/2025\/10\/3-1-1024x1024.jpg\" class=\"attachment-large size-large wp-image-236\" alt=\"\" srcset=\"https:\/\/cristolandiaparana.org.br\/wp-content\/uploads\/2025\/10\/3-1-1024x1024.jpg 1024w, https:\/\/cristolandiaparana.org.br\/wp-content\/uploads\/2025\/10\/3-1-300x300.jpg 300w, https:\/\/cristolandiaparana.org.br\/wp-content\/uploads\/2025\/10\/3-1-150x150.jpg 150w, https:\/\/cristolandiaparana.org.br\/wp-content\/uploads\/2025\/10\/3-1-768x768.jpg 768w, https:\/\/cristolandiaparana.org.br\/wp-content\/uploads\/2025\/10\/3-1-1536x1536.jpg 1536w, https:\/\/cristolandiaparana.org.br\/wp-content\/uploads\/2025\/10\/3-1-2048x2048.jpg 2048w\" sizes=\"(max-width: 800px) 100vw, 800px\" \/>\t\t\t\t\t\t\t\t\t\t\t\t\t\t\t<\/div>\n\t\t\t\t<div class=\"elementor-element elementor-element-7bb1e1e elementor-widget elementor-widget-heading\" data-id=\"7bb1e1e\" data-element_type=\"widget\" data-widget_type=\"heading.default\">\n\t\t\t\t\t<h2 class=\"elementor-heading-title elementor-size-default\">Marcus ex-interno\n<\/h2>\t\t\t\t<\/div>\n\t\t\t\t<div class=\"elementor-element elementor-element-9f8c21e elementor-widget elementor-widget-text-editor\" data-id=\"9f8c21e\" data-element_type=\"widget\" data-widget_type=\"text-editor.default\">\n\t\t\t\t\t\t\t\t\t<p>&#8220;Sou advogado, casado, pai de tr\u00eas filhas. Encontrei recupera\u00e7\u00e3o no Projeto Cristol\u00e2ndia, fui restaurado por Cristo e hoje vivo esperan\u00e7a.&#8221;<span class=\"Apple-converted-space\">\u00a0<\/span><\/p>\t\t\t\t\t\t\t\t<\/div>\n\t\t\t\t<\/div>\n\t\t<div class=\"elementor-element elementor-element-9e2ca13 e-con-full e-flex e-con e-child\" data-id=\"9e2ca13\" data-element_type=\"container\">\n\t\t\t\t<div class=\"elementor-element elementor-element-d5cceda elementor-widget elementor-widget-image\" data-id=\"d5cceda\" data-element_type=\"widget\" data-widget_type=\"image.default\">\n\t\t\t\t\t\t\t\t\t\t\t\t\t\t\t<img loading=\"lazy\" decoding=\"async\" width=\"800\" height=\"800\" src=\"https:\/\/cristolandiaparana.org.br\/wp-content\/uploads\/2025\/10\/4-1-1024x1024.jpg\" class=\"attachment-large size-large wp-image-237\" alt=\"\" srcset=\"https:\/\/cristolandiaparana.org.br\/wp-content\/uploads\/2025\/10\/4-1-1024x1024.jpg 1024w, https:\/\/cristolandiaparana.org.br\/wp-content\/uploads\/2025\/10\/4-1-300x300.jpg 300w, https:\/\/cristolandiaparana.org.br\/wp-content\/uploads\/2025\/10\/4-1-150x150.jpg 150w, https:\/\/cristolandiaparana.org.br\/wp-content\/uploads\/2025\/10\/4-1-768x768.jpg 768w, https:\/\/cristolandiaparana.org.br\/wp-content\/uploads\/2025\/10\/4-1-1536x1536.jpg 1536w, https:\/\/cristolandiaparana.org.br\/wp-content\/uploads\/2025\/10\/4-1-2048x2048.jpg 2048w\" sizes=\"(max-width: 800px) 100vw, 800px\" \/>\t\t\t\t\t\t\t\t\t\t\t\t\t\t\t<\/div>\n\t\t\t\t<div class=\"elementor-element elementor-element-4691803 elementor-widget elementor-widget-heading\" data-id=\"4691803\" data-element_type=\"widget\" data-widget_type=\"heading.default\">\n\t\t\t\t\t<h2 class=\"elementor-heading-title elementor-size-default\">Ananias ex-interno<\/h2>\t\t\t\t<\/div>\n\t\t\t\t<div class=\"elementor-element elementor-element-96db2dc elementor-widget elementor-widget-text-editor\" data-id=\"96db2dc\" data-element_type=\"widget\" data-widget_type=\"text-editor.default\">\n\t\t\t\t\t\t\t\t\t<p><i>&#8220;Passei grande parte da vida marcado pelo v\u00edcio e pelas perdas que ele trouxe. Na Cristol\u00e2ndia encontrei cuidado, for\u00e7as para recome\u00e7ar e uma nova forma de viver. Hoje desfruto da presen\u00e7a de Deus, da conviv\u00eancia com minha fam\u00edlia e da alegria de ter sido resgatado por Cristo.&#8221;<\/i><\/p>\t\t\t\t\t\t\t\t<\/div>\n\t\t\t\t<\/div>\n\t\t\t\t<\/div>\n\t\t\t\t\t<\/div>\n\t\t\t\t<\/div>\n\t\t<div class=\"elementor-element elementor-element-6ca2dc1 e-flex e-con-boxed e-con e-parent\" data-id=\"6ca2dc1\" data-element_type=\"container\" data-settings=\"{&quot;background_background&quot;:&quot;classic&quot;}\">\n\t\t\t\t\t<div class=\"e-con-inner\">\n\t\t\t\t<div class=\"elementor-element elementor-element-ef80c9b elementor-widget elementor-widget-spacer\" data-id=\"ef80c9b\" data-element_type=\"widget\" data-widget_type=\"spacer.default\">\n\t\t\t\t\t\t\t<div class=\"elementor-spacer\">\n\t\t\t<div class=\"elementor-spacer-inner\"><\/div>\n\t\t<\/div>\n\t\t\t\t\t\t<\/div>\n\t\t\t\t\t<\/div>\n\t\t\t\t<\/div>\n\t\t<div class=\"elementor-element elementor-element-00eaf71 e-flex e-con-boxed e-con e-parent\" data-id=\"00eaf71\" data-element_type=\"container\" data-settings=\"{&quot;background_background&quot;:&quot;classic&quot;}\">\n\t\t\t\t\t<div class=\"e-con-inner\">\n\t\t<div class=\"elementor-element elementor-element-8955988 e-con-full e-flex e-con e-child\" data-id=\"8955988\" data-element_type=\"container\">\n\t\t\t\t<div class=\"elementor-element elementor-element-837a011 elementor-widget elementor-widget-video\" data-id=\"837a011\" data-element_type=\"widget\" data-settings=\"{&quot;video_type&quot;:&quot;hosted&quot;,&quot;controls&quot;:&quot;yes&quot;}\" data-widget_type=\"video.default\">\n\t\t\t\t\t\t\t<div class=\"e-hosted-video elementor-wrapper elementor-open-inline\">\n\t\t\t\t\t<video class=\"elementor-video\" src=\"https:\/\/cristolandiaparana.org.br\/wp-content\/uploads\/2025\/11\/\u2728-Do-fundo-do-poco-para-os-bracos-de-Cristo.-O-testemunho-da-Jadina-mostra-que-o-amor-de-Deus-co-2-2.mp4\" controls=\"\" preload=\"metadata\" controlsList=\"nodownload\" poster=\"https:\/\/cristolandiaparana.org.br\/wp-content\/uploads\/2025\/11\/Captura-de-Tela-2025-11-06-as-14.57.36.png\"><\/video>\n\t\t\t\t<\/div>\n\t\t\t\t\t\t<\/div>\n\t\t\t\t<\/div>\n\t\t<div class=\"elementor-element elementor-element-463f6fc e-con-full e-flex e-con e-child\" data-id=\"463f6fc\" data-element_type=\"container\">\n\t\t\t\t<\/div>\n\t\t<div class=\"elementor-element elementor-element-676e6de e-con-full e-flex e-con e-child\" data-id=\"676e6de\" data-element_type=\"container\">\n\t\t\t\t<div class=\"elementor-element elementor-element-7d58916 elementor-widget elementor-widget-video\" data-id=\"7d58916\" data-element_type=\"widget\" data-settings=\"{&quot;video_type&quot;:&quot;hosted&quot;,&quot;controls&quot;:&quot;yes&quot;}\" data-widget_type=\"video.default\">\n\t\t\t\t\t\t\t<div class=\"e-hosted-video elementor-wrapper elementor-open-inline\">\n\t\t\t\t\t<video class=\"elementor-video\" src=\"https:\/\/cristolandiaparana.org.br\/wp-content\/uploads\/2025\/11\/Ele-conheceu-a-dor-do-vicio-e-a-sensacao-de-nao-ter-uma-saida.-Mas-um-dia-Jefferson-encontrou-n-2.mp4\" controls=\"\" preload=\"metadata\" controlsList=\"nodownload\" poster=\"https:\/\/cristolandiaparana.org.br\/wp-content\/uploads\/2025\/11\/Captura-de-Tela-2025-11-06-as-15.01.17.png\"><\/video>\n\t\t\t\t<\/div>\n\t\t\t\t\t\t<\/div>\n\t\t\t\t<\/div>\n\t\t\t\t\t<\/div>\n\t\t\t\t<\/div>\n\t\t\t\t<\/div>\n\t\t","protected":false},"excerpt":{"rendered":"<p>Jefferson ex-interno &#8220;Foram 27 anos escravizado pelas drogas e pelo crime, at\u00e9 que Deus me alcan\u00e7ou atrav\u00e9s da Cristol\u00e2ndia. Ali tive minha vida restaurada: recuperei minha fam\u00edlia, minha dignidade e hoje vivo em Cristo, com trabalho, esperan\u00e7a e uma nova hist\u00f3ria.&#8221;\u00a0 Marcus ex-interno &#8220;Sou advogado, casado, pai de tr\u00eas filhas. Encontrei recupera\u00e7\u00e3o no Projeto Cristol\u00e2ndia, [&hellip;]<\/p>\n","protected":false},"author":2,"featured_media":0,"parent":0,"menu_order":0,"comment_status":"closed","ping_status":"closed","template":"elementor_header_footer","meta":{"footnotes":""},"class_list":["post-303","page","type-page","status-publish","hentry"],"_links":{"self":[{"href":"https:\/\/cristolandiaparana.org.br\/index.php\/wp-json\/wp\/v2\/pages\/303","targetHints":{"allow":["GET"]}}],"collection":[{"href":"https:\/\/cristolandiaparana.org.br\/index.php\/wp-json\/wp\/v2\/pages"}],"about":[{"href":"https:\/\/cristolandiaparana.org.br\/index.php\/wp-json\/wp\/v2\/types\/page"}],"author":[{"embeddable":true,"href":"https:\/\/cristolandiaparana.org.br\/index.php\/wp-json\/wp\/v2\/users\/2"}],"replies":[{"embeddable":true,"href":"https:\/\/cristolandiaparana.org.br\/index.php\/wp-json\/wp\/v2\/comments?post=303"}],"version-history":[{"count":10,"href":"https:\/\/cristolandiaparana.org.br\/index.php\/wp-json\/wp\/v2\/pages\/303\/revisions"}],"predecessor-version":[{"id":443,"href":"https:\/\/cristolandiaparana.org.br\/index.php\/wp-json\/wp\/v2\/pages\/303\/revisions\/443"}],"wp:attachment":[{"href":"https:\/\/cristolandiaparana.org.br\/index.php\/wp-json\/wp\/v2\/media?parent=303"}],"curies":[{"name":"wp","href":"https:\/\/api.w.org\/{rel}","templated":true}]}}