{"id":221,"date":"2025-10-13T12:37:04","date_gmt":"2025-10-13T15:37:04","guid":{"rendered":"https:\/\/cristolandiaparana.org.br\/?page_id=221"},"modified":"2025-10-13T14:26:51","modified_gmt":"2025-10-13T17:26:51","slug":"sobre-nos","status":"publish","type":"page","link":"https:\/\/cristolandiaparana.org.br\/index.php\/sobre-nos\/","title":{"rendered":"Sobre"},"content":{"rendered":"\t\t<div data-elementor-type=\"wp-page\" data-elementor-id=\"221\" class=\"elementor elementor-221\">\n\t\t\t\t<div class=\"elementor-element elementor-element-b78369c e-flex e-con-boxed e-con e-parent\" data-id=\"b78369c\" data-element_type=\"container\" data-settings=\"{&quot;background_background&quot;:&quot;classic&quot;}\">\n\t\t\t\t\t<div class=\"e-con-inner\">\n\t\t\t\t<div class=\"elementor-element elementor-element-dd9fcd3 elementor-widget elementor-widget-image\" data-id=\"dd9fcd3\" data-element_type=\"widget\" data-widget_type=\"image.default\">\n\t\t\t\t\t\t\t\t\t\t\t\t\t\t\t<img fetchpriority=\"high\" decoding=\"async\" width=\"1920\" height=\"880\" src=\"https:\/\/cristolandiaparana.org.br\/wp-content\/uploads\/2025\/10\/Capas-Site-4.jpg\" class=\"attachment-full size-full wp-image-223\" alt=\"\" srcset=\"https:\/\/cristolandiaparana.org.br\/wp-content\/uploads\/2025\/10\/Capas-Site-4.jpg 1920w, https:\/\/cristolandiaparana.org.br\/wp-content\/uploads\/2025\/10\/Capas-Site-4-300x138.jpg 300w, https:\/\/cristolandiaparana.org.br\/wp-content\/uploads\/2025\/10\/Capas-Site-4-1024x469.jpg 1024w, https:\/\/cristolandiaparana.org.br\/wp-content\/uploads\/2025\/10\/Capas-Site-4-768x352.jpg 768w, https:\/\/cristolandiaparana.org.br\/wp-content\/uploads\/2025\/10\/Capas-Site-4-1536x704.jpg 1536w\" sizes=\"(max-width: 1920px) 100vw, 1920px\" \/>\t\t\t\t\t\t\t\t\t\t\t\t\t\t\t<\/div>\n\t\t\t\t\t<\/div>\n\t\t\t\t<\/div>\n\t\t<div class=\"elementor-element elementor-element-e185a64 e-flex e-con-boxed e-con e-parent\" data-id=\"e185a64\" data-element_type=\"container\">\n\t\t\t\t\t<div class=\"e-con-inner\">\n\t\t\t\t<div class=\"elementor-element elementor-element-1c97bd7 elementor-widget-divider--view-line elementor-widget elementor-widget-divider\" data-id=\"1c97bd7\" data-element_type=\"widget\" data-widget_type=\"divider.default\">\n\t\t\t\t\t\t\t<div class=\"elementor-divider\">\n\t\t\t<span class=\"elementor-divider-separator\">\n\t\t\t\t\t\t<\/span>\n\t\t<\/div>\n\t\t\t\t\t\t<\/div>\n\t\t\t\t\t<\/div>\n\t\t\t\t<\/div>\n\t\t<div class=\"elementor-element elementor-element-bc08fe2 e-flex e-con-boxed e-con e-parent\" data-id=\"bc08fe2\" data-element_type=\"container\">\n\t\t\t\t\t<div class=\"e-con-inner\">\n\t\t<div class=\"elementor-element elementor-element-5e66a78 e-con-full e-flex e-con e-child\" data-id=\"5e66a78\" data-element_type=\"container\">\n\t\t\t\t<div class=\"elementor-element elementor-element-ca28e5e elementor-widget elementor-widget-heading\" data-id=\"ca28e5e\" data-element_type=\"widget\" data-widget_type=\"heading.default\">\n\t\t\t\t\t<h2 class=\"elementor-heading-title elementor-size-default\">Miss\u00e3o<\/h2>\t\t\t\t<\/div>\n\t\t\t\t<div class=\"elementor-element elementor-element-0c591a5 elementor-widget elementor-widget-text-editor\" data-id=\"0c591a5\" data-element_type=\"widget\" data-widget_type=\"text-editor.default\">\n\t\t\t\t\t\t\t\t\t<p>Ser uma comunidade que orienta, restaura e reintegra pessoas e fam\u00edlias em vulnerabilidade social devido \u00e0 depend\u00eancia qu\u00edmica, com base no Evangelho de&nbsp;Jesus&nbsp;Cristo.<\/p>\t\t\t\t\t\t\t\t<\/div>\n\t\t\t\t<\/div>\n\t\t<div class=\"elementor-element elementor-element-fc46cab e-con-full e-flex e-con e-child\" data-id=\"fc46cab\" data-element_type=\"container\">\n\t\t\t\t<div class=\"elementor-element elementor-element-7a6a769 elementor-widget elementor-widget-heading\" data-id=\"7a6a769\" data-element_type=\"widget\" data-widget_type=\"heading.default\">\n\t\t\t\t\t<h2 class=\"elementor-heading-title elementor-size-default\">Vis\u00e3o<\/h2>\t\t\t\t<\/div>\n\t\t\t\t<div class=\"elementor-element elementor-element-53a7a64 elementor-widget elementor-widget-text-editor\" data-id=\"53a7a64\" data-element_type=\"widget\" data-widget_type=\"text-editor.default\">\n\t\t\t\t\t\t\t\t\t<p>At\u00e9 2030, ser reconhecidos, no estado do Paran\u00e1, pela nossa dedica\u00e7\u00e3o em refletir os valores do Evangelho de Jesus Cristo em cada aspecto de nosso trabalho de orienta\u00e7\u00e3o, restaura\u00e7\u00e3o e reintegra\u00e7\u00e3o de pessoas e fam\u00edlias em vulnerabilidade social devido \u00e0 depend\u00eancia qu\u00edmica, sendo uma comunidade acolhedora e inclusiva, guiada pela\u00a0gra\u00e7a\u00a0de\u00a0Deus.<\/p>\t\t\t\t\t\t\t\t<\/div>\n\t\t\t\t<\/div>\n\t\t<div class=\"elementor-element elementor-element-6edab35 e-con-full e-flex e-con e-child\" data-id=\"6edab35\" data-element_type=\"container\" data-settings=\"{&quot;background_background&quot;:&quot;classic&quot;}\">\n\t\t\t\t<div class=\"elementor-element elementor-element-cf5413c elementor-widget elementor-widget-text-editor\" data-id=\"cf5413c\" data-element_type=\"widget\" data-widget_type=\"text-editor.default\">\n\t\t\t\t\t\t\t\t\t<p><strong>A Cristol\u00e2ndia est\u00e1 presente no Paran\u00e1 h\u00e1 mais de cinco<\/strong> <strong>anos<\/strong>.<\/p><p>\u00c9 um servi\u00e7o de acolhimento institucional para pessoas de ambos os sexos que est\u00e3o em situa\u00e7\u00e3o de rua com\u00a0hist\u00f3rico de uso de \u00e1lcool\/drogas.\u00a0Os usu\u00e1rios, em sua maioria est\u00e3o com os la\u00e7os familiares rompidos e, muitas vezes, com os v\u00ednculos enfraquecidos. <strong>As a\u00e7\u00f5es da Cristol\u00e2ndia tem a finalidade de assegurar atendimento humanizado e, suas atividades s\u00e3o direcionadas para o desenvolvimento de sociabilidades, na perspectiva de fortalecimento e restaura\u00e7\u00e3o de v\u00ednculos interpessoais e familiares, com o prop\u00f3sito de oportunizar a constru\u00e7\u00e3o de novos projetos de vida.<\/strong> O servi\u00e7o disp\u00f5e de orienta\u00e7\u00e3o individual e grupal, realiza encaminhamentos a outros servi\u00e7os da rede socioassistencial e das demais pol\u00edticas p\u00fablicas que possam contribuir para o protagonismo do individuo e, com isso, possibilitar a inser\u00e7\u00e3o social.<\/p><p><strong>Coordenador: Pr. Ranulfo Nascimento\u00a0\u00a0<\/strong><\/p>\t\t\t\t\t\t\t\t<\/div>\n\t\t\t\t<\/div>\n\t\t\t\t\t<\/div>\n\t\t\t\t<\/div>\n\t\t<div class=\"elementor-element elementor-element-cc203ab e-flex e-con-boxed e-con e-parent\" data-id=\"cc203ab\" data-element_type=\"container\" data-settings=\"{&quot;background_background&quot;:&quot;classic&quot;}\">\n\t\t\t\t\t<div class=\"e-con-inner\">\n\t\t\t\t<div class=\"elementor-element elementor-element-68ea542 elementor-widget-divider--view-line elementor-widget elementor-widget-divider\" data-id=\"68ea542\" data-element_type=\"widget\" data-widget_type=\"divider.default\">\n\t\t\t\t\t\t\t<div class=\"elementor-divider\">\n\t\t\t<span class=\"elementor-divider-separator\">\n\t\t\t\t\t\t<\/span>\n\t\t<\/div>\n\t\t\t\t\t\t<\/div>\n\t\t\t\t\t<\/div>\n\t\t\t\t<\/div>\n\t\t\t\t<\/div>\n\t\t","protected":false},"excerpt":{"rendered":"<p>Miss\u00e3o Ser uma comunidade que orienta, restaura e reintegra pessoas e fam\u00edlias em vulnerabilidade social devido \u00e0 depend\u00eancia qu\u00edmica, com base no Evangelho de&nbsp;Jesus&nbsp;Cristo. Vis\u00e3o At\u00e9 2030, ser reconhecidos, no estado do Paran\u00e1, pela nossa dedica\u00e7\u00e3o em refletir os valores do Evangelho de Jesus Cristo em cada aspecto de nosso trabalho de orienta\u00e7\u00e3o, restaura\u00e7\u00e3o e [&hellip;]<\/p>\n","protected":false},"author":2,"featured_media":0,"parent":0,"menu_order":0,"comment_status":"closed","ping_status":"closed","template":"elementor_header_footer","meta":{"footnotes":""},"class_list":["post-221","page","type-page","status-publish","hentry"],"_links":{"self":[{"href":"https:\/\/cristolandiaparana.org.br\/index.php\/wp-json\/wp\/v2\/pages\/221","targetHints":{"allow":["GET"]}}],"collection":[{"href":"https:\/\/cristolandiaparana.org.br\/index.php\/wp-json\/wp\/v2\/pages"}],"about":[{"href":"https:\/\/cristolandiaparana.org.br\/index.php\/wp-json\/wp\/v2\/types\/page"}],"author":[{"embeddable":true,"href":"https:\/\/cristolandiaparana.org.br\/index.php\/wp-json\/wp\/v2\/users\/2"}],"replies":[{"embeddable":true,"href":"https:\/\/cristolandiaparana.org.br\/index.php\/wp-json\/wp\/v2\/comments?post=221"}],"version-history":[{"count":8,"href":"https:\/\/cristolandiaparana.org.br\/index.php\/wp-json\/wp\/v2\/pages\/221\/revisions"}],"predecessor-version":[{"id":263,"href":"https:\/\/cristolandiaparana.org.br\/index.php\/wp-json\/wp\/v2\/pages\/221\/revisions\/263"}],"wp:attachment":[{"href":"https:\/\/cristolandiaparana.org.br\/index.php\/wp-json\/wp\/v2\/media?parent=221"}],"curies":[{"name":"wp","href":"https:\/\/api.w.org\/{rel}","templated":true}]}}