{"id":20,"date":"2025-10-09T11:01:04","date_gmt":"2025-10-09T14:01:04","guid":{"rendered":"https:\/\/cristolandiaparana.org.br\/?page_id=20"},"modified":"2026-02-10T11:48:55","modified_gmt":"2026-02-10T14:48:55","slug":"home","status":"publish","type":"page","link":"https:\/\/cristolandiaparana.org.br\/index.php\/home\/","title":{"rendered":"Se envolva"},"content":{"rendered":"\t\t<div data-elementor-type=\"wp-page\" data-elementor-id=\"20\" class=\"elementor elementor-20\">\n\t\t\t\t<div class=\"elementor-element elementor-element-b62a7d9 e-flex e-con-boxed e-con e-parent\" data-id=\"b62a7d9\" data-element_type=\"container\" data-settings=\"{&quot;background_background&quot;:&quot;classic&quot;}\">\n\t\t\t\t\t<div class=\"e-con-inner\">\n\t\t\t\t<div class=\"elementor-element elementor-element-0b43020 elementor-widget elementor-widget-image\" data-id=\"0b43020\" data-element_type=\"widget\" data-widget_type=\"image.default\">\n\t\t\t\t\t\t\t\t\t\t\t\t\t\t\t<img fetchpriority=\"high\" decoding=\"async\" width=\"1920\" height=\"880\" src=\"https:\/\/cristolandiaparana.org.br\/wp-content\/uploads\/2025\/10\/Capas-Site-1.jpg\" class=\"attachment-full size-full wp-image-195\" alt=\"\" srcset=\"https:\/\/cristolandiaparana.org.br\/wp-content\/uploads\/2025\/10\/Capas-Site-1.jpg 1920w, https:\/\/cristolandiaparana.org.br\/wp-content\/uploads\/2025\/10\/Capas-Site-1-300x138.jpg 300w, https:\/\/cristolandiaparana.org.br\/wp-content\/uploads\/2025\/10\/Capas-Site-1-1024x469.jpg 1024w, https:\/\/cristolandiaparana.org.br\/wp-content\/uploads\/2025\/10\/Capas-Site-1-768x352.jpg 768w, https:\/\/cristolandiaparana.org.br\/wp-content\/uploads\/2025\/10\/Capas-Site-1-1536x704.jpg 1536w\" sizes=\"(max-width: 1920px) 100vw, 1920px\" \/>\t\t\t\t\t\t\t\t\t\t\t\t\t\t\t<\/div>\n\t\t\t\t\t<\/div>\n\t\t\t\t<\/div>\n\t\t<div class=\"elementor-element elementor-element-dee805b e-flex e-con-boxed e-con e-parent\" data-id=\"dee805b\" data-element_type=\"container\">\n\t\t\t\t\t<div class=\"e-con-inner\">\n\t\t<div class=\"elementor-element elementor-element-9dce225 e-con-full e-flex e-con e-child\" data-id=\"9dce225\" data-element_type=\"container\">\n\t\t\t\t<div class=\"elementor-element elementor-element-fd5fcfb elementor-widget elementor-widget-heading\" data-id=\"fd5fcfb\" data-element_type=\"widget\" data-widget_type=\"heading.default\">\n\t\t\t\t\t<h2 class=\"elementor-heading-title elementor-size-default\">SEJA UM VOLUNT\u00c1RIO<\/h2>\t\t\t\t<\/div>\n\t\t\t\t<div class=\"elementor-element elementor-element-3b89753 elementor-widget elementor-widget-text-editor\" data-id=\"3b89753\" data-element_type=\"widget\" data-widget_type=\"text-editor.default\">\n\t\t\t\t\t\t\t\t\t<p data-start=\"235\" data-end=\"350\">Todos os dias, vidas s\u00e3o marcadas pela dor e pela falta de esperan\u00e7a \u2014 mas tamb\u00e9m pela oportunidade de recome\u00e7ar.<\/p><p data-start=\"352\" data-end=\"536\">Na <strong data-start=\"355\" data-end=\"378\">Cristol\u00e2ndia Paran\u00e1<\/strong>, acreditamos que hist\u00f3rias podem ser reconstru\u00eddas quando h\u00e1 pessoas dispostas a se importar. Cada gesto conta: um sorriso, uma palavra, uma escuta atenta.<\/p><p data-start=\"538\" data-end=\"741\">Precisamos de cora\u00e7\u00f5es sens\u00edveis e m\u00e3os dispostas a agir. Servir \u00e9 mais do que ajudar \u2014 \u00e9 enxergar o outro, oferecer dignidade e participar ativamente da transforma\u00e7\u00e3o social que queremos ver no mundo.<\/p><p data-start=\"743\" data-end=\"893\"><strong data-start=\"746\" data-end=\"766\">Seja parte da transforma\u00e7\u00e3o<\/strong><br data-start=\"766\" data-end=\"769\" \/>Doe seu tempo, seus dons, sua vida. Porque quando voc\u00ea se entrega por uma causa, transforma o outro \u2014 e tamb\u00e9m a si mesmo.<\/p>\t\t\t\t\t\t\t\t<\/div>\n\t\t\t\t<\/div>\n\t\t<div class=\"elementor-element elementor-element-1a6f5e5 e-con-full e-flex e-con e-child\" data-id=\"1a6f5e5\" data-element_type=\"container\">\n\t\t\t\t<div class=\"elementor-element elementor-element-05fd192 elementor-widget__width-inherit elementor-widget elementor-widget-image\" data-id=\"05fd192\" data-element_type=\"widget\" data-widget_type=\"image.default\">\n\t\t\t\t\t\t\t\t\t\t\t\t\t\t\t<img decoding=\"async\" width=\"800\" height=\"533\" src=\"https:\/\/cristolandiaparana.org.br\/wp-content\/uploads\/2026\/02\/54032123431_ff756d5199_o.jpg\" class=\"attachment-large size-large wp-image-512\" alt=\"\" \/>\t\t\t\t\t\t\t\t\t\t\t\t\t\t\t<\/div>\n\t\t\t\t<\/div>\n\t\t\t\t\t<\/div>\n\t\t\t\t<\/div>\n\t\t<div class=\"elementor-element elementor-element-713d3c0 e-flex e-con-boxed e-con e-parent\" data-id=\"713d3c0\" data-element_type=\"container\">\n\t\t\t\t\t<div class=\"e-con-inner\">\n\t\t\t\t<div class=\"elementor-element elementor-element-010a4b6 elementor-align-center elementor-widget elementor-widget-button\" data-id=\"010a4b6\" data-element_type=\"widget\" data-widget_type=\"button.default\">\n\t\t\t\t\t\t\t\t\t\t<a class=\"elementor-button elementor-button-link elementor-size-sm\" href=\"https:\/\/online.pibcuritiba.org.br\/cristolandia_voluntarios\">\n\t\t\t\t\t\t<span class=\"elementor-button-content-wrapper\">\n\t\t\t\t\t\t\t\t\t<span class=\"elementor-button-text\">Clique aqui<\/span>\n\t\t\t\t\t<\/span>\n\t\t\t\t\t<\/a>\n\t\t\t\t\t\t\t\t<\/div>\n\t\t\t\t\t<\/div>\n\t\t\t\t<\/div>\n\t\t<div class=\"elementor-element elementor-element-4c4ff35 e-flex e-con-boxed e-con e-parent\" data-id=\"4c4ff35\" data-element_type=\"container\">\n\t\t\t\t\t<div class=\"e-con-inner\">\n\t\t\t\t<div class=\"elementor-element elementor-element-2706361 elementor-widget-divider--view-line elementor-widget elementor-widget-divider\" data-id=\"2706361\" data-element_type=\"widget\" data-widget_type=\"divider.default\">\n\t\t\t\t\t\t\t<div class=\"elementor-divider\">\n\t\t\t<span class=\"elementor-divider-separator\">\n\t\t\t\t\t\t<\/span>\n\t\t<\/div>\n\t\t\t\t\t\t<\/div>\n\t\t\t\t\t<\/div>\n\t\t\t\t<\/div>\n\t\t<div class=\"elementor-element elementor-element-856d97f e-flex e-con-boxed e-con e-parent\" data-id=\"856d97f\" data-element_type=\"container\">\n\t\t\t\t\t<div class=\"e-con-inner\">\n\t\t<div class=\"elementor-element elementor-element-43bf930 e-con-full e-flex e-con e-child\" data-id=\"43bf930\" data-element_type=\"container\">\n\t\t\t\t<div class=\"elementor-element elementor-element-90b4ea0 elementor-widget elementor-widget-image\" data-id=\"90b4ea0\" data-element_type=\"widget\" data-widget_type=\"image.default\">\n\t\t\t\t\t\t\t\t\t\t\t\t\t\t\t<img decoding=\"async\" width=\"800\" height=\"566\" src=\"https:\/\/cristolandiaparana.org.br\/wp-content\/uploads\/2025\/10\/Design-sem-nome-2-1-1024x724.png\" class=\"attachment-large size-large wp-image-141\" alt=\"\" srcset=\"https:\/\/cristolandiaparana.org.br\/wp-content\/uploads\/2025\/10\/Design-sem-nome-2-1-1024x724.png 1024w, https:\/\/cristolandiaparana.org.br\/wp-content\/uploads\/2025\/10\/Design-sem-nome-2-1-300x212.png 300w, https:\/\/cristolandiaparana.org.br\/wp-content\/uploads\/2025\/10\/Design-sem-nome-2-1-768x543.png 768w, https:\/\/cristolandiaparana.org.br\/wp-content\/uploads\/2025\/10\/Design-sem-nome-2-1.png 1403w\" sizes=\"(max-width: 800px) 100vw, 800px\" \/>\t\t\t\t\t\t\t\t\t\t\t\t\t\t\t<\/div>\n\t\t\t\t<\/div>\n\t\t<div class=\"elementor-element elementor-element-bd10719 e-con-full e-flex e-con e-child\" data-id=\"bd10719\" data-element_type=\"container\">\n\t\t\t\t<div class=\"elementor-element elementor-element-bcf9485 elementor-widget elementor-widget-heading\" data-id=\"bcf9485\" data-element_type=\"widget\" data-widget_type=\"heading.default\">\n\t\t\t\t\t<h2 class=\"elementor-heading-title elementor-size-default\">SEJA UM PARCEIRO<\/h2>\t\t\t\t<\/div>\n\t\t\t\t<div class=\"elementor-element elementor-element-b1e4e7a elementor-widget elementor-widget-text-editor\" data-id=\"b1e4e7a\" data-element_type=\"widget\" data-widget_type=\"text-editor.default\">\n\t\t\t\t\t\t\t\t\t<p data-start=\"185\" data-end=\"426\">Trabalhamos para ver vidas sendo resgatadas das ruas, das drogas e da exclus\u00e3o social. A <strong data-start=\"266\" data-end=\"289\">Cristol\u00e2ndia Paran\u00e1<\/strong> \u00e9 um espa\u00e7o de recome\u00e7o, onde pessoas em vulnerabilidade encontram acolhimento, tratamento e oportunidade de reconstruir sua hist\u00f3ria.<\/p><p data-start=\"428\" data-end=\"552\">Mas esse trabalho s\u00f3 acontece com o apoio de quem acredita que <strong data-start=\"491\" data-end=\"549\">transformar realidades \u00e9 uma responsabilidade de todos<\/strong>.<\/p><p data-start=\"554\" data-end=\"728\">Ser parceiro financeiro da Cristol\u00e2ndia Paran\u00e1 \u00e9 mais do que doar \u00a0\u00e9 investir em dignidade, esperan\u00e7a e futuro. \u00c9 acreditar que ningu\u00e9m est\u00e1 perdido demais para recome\u00e7ar.<\/p><p data-start=\"730\" data-end=\"869\">N\u00e3o fique \u00e0 margem.<br data-start=\"774\" data-end=\"777\" \/>Fa\u00e7a parte da mudan\u00e7a.<br data-start=\"799\" data-end=\"802\" \/>Seja um parceiro e ajude a escrever novas hist\u00f3rias de supera\u00e7\u00e3o.<\/p>\t\t\t\t\t\t\t\t<\/div>\n\t\t\t\t<\/div>\n\t\t\t\t\t<\/div>\n\t\t\t\t<\/div>\n\t\t<div class=\"elementor-element elementor-element-b3b02d3 e-flex e-con-boxed e-con e-parent\" data-id=\"b3b02d3\" data-element_type=\"container\">\n\t\t\t\t\t<div class=\"e-con-inner\">\n\t\t\t\t<div class=\"elementor-element elementor-element-90fa951 elementor-align-center elementor-widget elementor-widget-button\" data-id=\"90fa951\" data-element_type=\"widget\" data-widget_type=\"button.default\">\n\t\t\t\t\t\t\t\t\t\t<a class=\"elementor-button elementor-button-link elementor-size-sm\" href=\"https:\/\/contribua.pibcuritiba.org.br\/produtos\/paginaproduto\/147\">\n\t\t\t\t\t\t<span class=\"elementor-button-content-wrapper\">\n\t\t\t\t\t\t\t\t\t<span class=\"elementor-button-text\">Fa\u00e7a parte!<\/span>\n\t\t\t\t\t<\/span>\n\t\t\t\t\t<\/a>\n\t\t\t\t\t\t\t\t<\/div>\n\t\t\t\t\t<\/div>\n\t\t\t\t<\/div>\n\t\t<div class=\"elementor-element elementor-element-42f7bf7 e-flex e-con-boxed e-con e-parent\" data-id=\"42f7bf7\" data-element_type=\"container\">\n\t\t\t\t\t<div class=\"e-con-inner\">\n\t\t\t\t<div class=\"elementor-element elementor-element-be55be1 elementor-widget elementor-widget-video\" data-id=\"be55be1\" data-element_type=\"widget\" data-settings=\"{&quot;youtube_url&quot;:&quot;https:\\\/\\\/youtu.be\\\/O9GiBrynzbI&quot;,&quot;video_type&quot;:&quot;youtube&quot;,&quot;controls&quot;:&quot;yes&quot;}\" data-widget_type=\"video.default\">\n\t\t\t\t\t\t\t<div class=\"elementor-wrapper elementor-open-inline\">\n\t\t\t<div class=\"elementor-video\"><\/div>\t\t<\/div>\n\t\t\t\t\t\t<\/div>\n\t\t\t\t\t<\/div>\n\t\t\t\t<\/div>\n\t\t<div class=\"elementor-element elementor-element-8f9458b e-flex e-con-boxed e-con e-parent\" data-id=\"8f9458b\" data-element_type=\"container\" data-settings=\"{&quot;background_background&quot;:&quot;classic&quot;}\">\n\t\t\t\t\t<div class=\"e-con-inner\">\n\t\t\t\t\t<\/div>\n\t\t\t\t<\/div>\n\t\t\t\t<\/div>\n\t\t","protected":false},"excerpt":{"rendered":"<p>SEJA UM VOLUNT\u00c1RIO Todos os dias, vidas s\u00e3o marcadas pela dor e pela falta de esperan\u00e7a \u2014 mas tamb\u00e9m pela oportunidade de recome\u00e7ar. Na Cristol\u00e2ndia Paran\u00e1, acreditamos que hist\u00f3rias podem ser reconstru\u00eddas quando h\u00e1 pessoas dispostas a se importar. Cada gesto conta: um sorriso, uma palavra, uma escuta atenta. Precisamos de cora\u00e7\u00f5es sens\u00edveis e m\u00e3os [&hellip;]<\/p>\n","protected":false},"author":2,"featured_media":0,"parent":0,"menu_order":0,"comment_status":"closed","ping_status":"closed","template":"elementor_header_footer","meta":{"footnotes":""},"class_list":["post-20","page","type-page","status-publish","hentry"],"_links":{"self":[{"href":"https:\/\/cristolandiaparana.org.br\/index.php\/wp-json\/wp\/v2\/pages\/20","targetHints":{"allow":["GET"]}}],"collection":[{"href":"https:\/\/cristolandiaparana.org.br\/index.php\/wp-json\/wp\/v2\/pages"}],"about":[{"href":"https:\/\/cristolandiaparana.org.br\/index.php\/wp-json\/wp\/v2\/types\/page"}],"author":[{"embeddable":true,"href":"https:\/\/cristolandiaparana.org.br\/index.php\/wp-json\/wp\/v2\/users\/2"}],"replies":[{"embeddable":true,"href":"https:\/\/cristolandiaparana.org.br\/index.php\/wp-json\/wp\/v2\/comments?post=20"}],"version-history":[{"count":21,"href":"https:\/\/cristolandiaparana.org.br\/index.php\/wp-json\/wp\/v2\/pages\/20\/revisions"}],"predecessor-version":[{"id":515,"href":"https:\/\/cristolandiaparana.org.br\/index.php\/wp-json\/wp\/v2\/pages\/20\/revisions\/515"}],"wp:attachment":[{"href":"https:\/\/cristolandiaparana.org.br\/index.php\/wp-json\/wp\/v2\/media?parent=20"}],"curies":[{"name":"wp","href":"https:\/\/api.w.org\/{rel}","templated":true}]}}